{"id":1528,"date":"2022-06-27T14:56:18","date_gmt":"2022-06-27T14:56:18","guid":{"rendered":"https:\/\/blog.mealnstock.com\/?page_id=1528"},"modified":"2025-03-04T23:23:45","modified_gmt":"2025-03-04T23:23:45","slug":"faire-ou-acheter-sur-mealnstock","status":"publish","type":"page","link":"https:\/\/blog.mealnstock.com\/fr\/faire-ou-acheter-sur-mealnstock\/","title":{"rendered":"\u00c0 propos"},"content":{"rendered":"\t\t<div data-elementor-type=\"wp-page\" data-elementor-id=\"1528\" class=\"elementor elementor-1528 elementor-726\" data-elementor-post-type=\"page\">\n\t\t\t\t<div class=\"elementor-element elementor-element-498e827 e-con-full e-flex e-con e-child\" data-id=\"498e827\" data-element_type=\"container\" data-e-type=\"container\" data-settings=\"{&quot;background_background&quot;:&quot;classic&quot;}\">\n\t\t<div class=\"elementor-element elementor-element-efcb783 e-con-full e-flex e-con e-child\" data-id=\"efcb783\" data-element_type=\"container\" data-e-type=\"container\" data-settings=\"{&quot;background_background&quot;:&quot;classic&quot;}\">\n\t\t\t\t<div class=\"elementor-element elementor-element-bbe0a23 elementor-widget elementor-widget-heading\" data-id=\"bbe0a23\" data-element_type=\"widget\" data-e-type=\"widget\" data-widget_type=\"heading.default\">\n\t\t\t\t<div class=\"elementor-widget-container\">\n\t\t\t\t\t<h1 class=\"elementor-heading-title elementor-size-default\">Faire ou acheter : Comparaisons honn\u00eates et analyses de co\u00fbts<\/h1>\t\t\t\t<\/div>\n\t\t\t\t<\/div>\n\t\t\t\t<div class=\"elementor-element elementor-element-d57b9b0 elementor-widget elementor-widget-text-editor\" data-id=\"d57b9b0\" data-element_type=\"widget\" data-e-type=\"widget\" data-widget_type=\"text-editor.default\">\n\t\t\t\t<div class=\"elementor-widget-container\">\n\t\t\t\t\t\t\t\t\t<p>La vie est d\u00e9j\u00e0 assez compliqu\u00e9e. Entre le travail, la famille et les engagements, prendre des d\u00e9cisions sur quoi manger peut sembler \u00eatre une t\u00e2che de plus sur une liste interminable. Nous voulons le meilleur pour notre sant\u00e9, mais le temps et le budget nous poussent souvent dans une autre direction.<\/p><h3>\u00c0 propos de moi et de Meal &amp; Stock<\/h3><p>Je suis Fabiola, originaire du Mexique, mais cela fait plus d\u2019une d\u00e9cennie que j\u2019ai fait du Qu\u00e9bec mon chez-moi. Ce blogue est n\u00e9 d\u2019une combinaison de curiosit\u00e9 et de n\u00e9cessit\u00e9. Je ne suis ni chef professionnelle ni photographe culinaire. J\u2019ai \u00e9tudi\u00e9 la physique et le d\u00e9veloppement logiciel, mais mon amour pour la cuisine m\u2019a men\u00e9e ailleurs, \u00e0 voir les aliments sous un autre angle, l\u00e0 o\u00f9 la cuisine et la science s\u2019entrelacent.<\/p><p>Quand ma premi\u00e8re fille est n\u00e9e, j\u2019ai d\u00e9couvert que suivre une recette n\u2019\u00e9tait pas si diff\u00e9rent que de suivre un protocole exp\u00e9rimental. Ce qui a commenc\u00e9 comme une simple n\u00e9cessit\u00e9 s\u2019est transform\u00e9 en une obsession de comprendre <strong>non seulement <em data-start=\"1159\" data-end=\"1168\">comment<\/em> cuisiner, mais aussi <em data-start=\"1190\" data-end=\"1200\">pourquoi<\/em> les ingr\u00e9dients r\u00e9agissent comme ils le font.<\/strong><\/p><p>Avec l\u2019arriv\u00e9e de mon deuxi\u00e8me enfant en pleine pand\u00e9mie, j\u2019ai pass\u00e9 encore plus de temps \u00e0 exp\u00e9rimenter en cuisine. Apprendre \u00e0 faire du pain, pr\u00e9parer des conserves et cr\u00e9er des versions maison d\u2019aliments de base est devenu une mani\u00e8re d\u2019explorer, d\u2019\u00e9conomiser et de mieux contr\u00f4ler ce que ma famille consommait. <strong>Mais une question me revenait sans cesse:<\/strong><\/p><h3><strong>Est-ce vraiment avantageux de tout faire maison? <\/strong><\/h3><p>Peser chaque ingr\u00e9dient, suivre chaque \u00e9tape \u00e0 la lettre, puis affronter une pile de vaisselle peut \u00eatre d\u00e9courageant. La solution rapide semble souvent se r\u00e9sumer \u00e0 deux choix : des produits bon march\u00e9 et ultra-transform\u00e9s, ou des options plus saines, mais co\u00fbteuses.<\/p><p data-start=\"1647\" data-end=\"1885\"><strong>C\u2019est pourquoi j\u2019ai cr\u00e9\u00e9 ce blogue, pour offrir des r\u00e9ponses claires et pratiques<\/strong>. Il ne s\u2019agit pas de pr\u00f4ner que le fait maison est toujours mieux, ni de dicter quoi faire. <strong>Mon but est de fournir des informations fiables et utiles, afin que vous puissiez prendre les meilleures d\u00e9cisions pour vous et votre famille.<\/strong> Ici, pas de jugements ni de r\u00e8gles strictes, seulement des comparaisons honn\u00eates et la libert\u00e9 de choisir en toute confiance.<\/p><p>Sur <strong data-start=\"2390\" data-end=\"2406\">Meal &amp; Stock<\/strong>, je simplifie ces d\u00e9cisions. <strong>Je compare les produits faits maison avec ceux achet\u00e9s en magasin<\/strong>, en analysant non seulement le co\u00fbt et le go\u00fbt, mais aussi la praticit\u00e9. Parce que, soyons honn\u00eates, qui a vraiment le temps de tout faire soi-m\u00eame? <strong>Ici, vous d\u00e9couvrirez ce qui vaut la peine d\u2019\u00eatre fait maison et ce qu\u2019il vaut mieux acheter, pour vous aider \u00e0 prendre des d\u00e9cisions \u00e9clair\u00e9es et \u00e9conomiser du temps au quotidien.<\/strong><\/p><p>Avec le temps, ce blogue a \u00e9volu\u00e9 au-del\u00e0 des comparaisons. Aujourd\u2019hui, je partage des recettes avec une histoire, des exp\u00e9riences culinaires amusantes pour les enfants, et une exploration des aliments sous un prisme scientifique. Car pour moi, la cuisine n\u2019est pas seulement une n\u00e9cessit\u00e9, c\u2019est aussi une fa\u00e7on de d\u00e9couvrir, de cr\u00e9er des liens et de simplifier la vie.<\/p><p data-start=\"3218\" data-end=\"3476\">Si vous vous \u00eates d\u00e9j\u00e0 demand\u00e9 \u201c<strong>Est-ce que \u00e7a vaut vraiment la peine de le faire maison ?\u201d<\/strong>, vous \u00eates au bon endroit. Explorez le blogue et d\u00e9couvrez quels produits valent la peine d\u2019\u00eatre faits par vous-m\u00eame, et lesquels sont plus avantageux \u00e0 acheter.<\/p>\t\t\t\t\t\t\t\t<\/div>\n\t\t\t\t<\/div>\n\t\t\t\t<div class=\"elementor-element elementor-element-f4aa0d3 e-transform e-transform elementor-widget elementor-widget-image\" data-id=\"f4aa0d3\" data-element_type=\"widget\" data-e-type=\"widget\" data-settings=\"{&quot;_transform_scale_effect&quot;:{&quot;unit&quot;:&quot;px&quot;,&quot;size&quot;:1.3000000000000000444089209850062616169452667236328125,&quot;sizes&quot;:[]},&quot;_transform_skewX_effect&quot;:{&quot;unit&quot;:&quot;px&quot;,&quot;size&quot;:4,&quot;sizes&quot;:[]},&quot;_transform_scale_effect_tablet&quot;:{&quot;unit&quot;:&quot;px&quot;,&quot;size&quot;:&quot;&quot;,&quot;sizes&quot;:[]},&quot;_transform_scale_effect_mobile&quot;:{&quot;unit&quot;:&quot;px&quot;,&quot;size&quot;:&quot;&quot;,&quot;sizes&quot;:[]},&quot;_transform_skewX_effect_tablet&quot;:{&quot;unit&quot;:&quot;deg&quot;,&quot;size&quot;:&quot;&quot;,&quot;sizes&quot;:[]},&quot;_transform_skewX_effect_mobile&quot;:{&quot;unit&quot;:&quot;deg&quot;,&quot;size&quot;:&quot;&quot;,&quot;sizes&quot;:[]},&quot;_transform_skewY_effect&quot;:{&quot;unit&quot;:&quot;px&quot;,&quot;size&quot;:&quot;&quot;,&quot;sizes&quot;:[]},&quot;_transform_skewY_effect_tablet&quot;:{&quot;unit&quot;:&quot;deg&quot;,&quot;size&quot;:&quot;&quot;,&quot;sizes&quot;:[]},&quot;_transform_skewY_effect_mobile&quot;:{&quot;unit&quot;:&quot;deg&quot;,&quot;size&quot;:&quot;&quot;,&quot;sizes&quot;:[]}}\" data-widget_type=\"image.default\">\n\t\t\t\t<div class=\"elementor-widget-container\">\n\t\t\t\t\t\t\t\t\t\t\t\t\t\t\t<img fetchpriority=\"high\" decoding=\"async\" width=\"500\" height=\"150\" src=\"https:\/\/i0.wp.com\/blog.mealnstock.com\/wp-content\/uploads\/2025\/03\/signature-1.png?fit=500%2C150&amp;ssl=1\" class=\"attachment-full size-full wp-image-4485\" alt=\"\" srcset=\"https:\/\/i0.wp.com\/blog.mealnstock.com\/wp-content\/uploads\/2025\/03\/signature-1.png?w=500&amp;ssl=1 500w, https:\/\/i0.wp.com\/blog.mealnstock.com\/wp-content\/uploads\/2025\/03\/signature-1.png?resize=300%2C90&amp;ssl=1 300w\" sizes=\"(max-width: 500px) 100vw, 500px\" \/>\t\t\t\t\t\t\t\t\t\t\t\t\t\t\t<\/div>\n\t\t\t\t<\/div>\n\t\t\t\t<\/div>\n\t\t\t\t<\/div>\n\t\t<div class=\"elementor-element elementor-element-123bcc4 e-con-full e-flex e-con e-child\" data-id=\"123bcc4\" data-element_type=\"container\" data-e-type=\"container\" data-settings=\"{&quot;background_background&quot;:&quot;classic&quot;}\">\n\t\t<div class=\"elementor-element elementor-element-147f938 e-con-full e-flex e-con e-child\" data-id=\"147f938\" data-element_type=\"container\" data-e-type=\"container\">\n\t\t\t\t<div class=\"elementor-element elementor-element-79d27af elementor-position-top elementor-widget elementor-widget-image-box\" data-id=\"79d27af\" data-element_type=\"widget\" data-e-type=\"widget\" data-widget_type=\"image-box.default\">\n\t\t\t\t<div class=\"elementor-widget-container\">\n\t\t\t\t\t<div class=\"elementor-image-box-wrapper\"><figure class=\"elementor-image-box-img\"><img decoding=\"async\" width=\"530\" height=\"530\" src=\"https:\/\/i0.wp.com\/blog.mealnstock.com\/wp-content\/uploads\/2025\/03\/Screenshot-2024-09-06-at-3.18.33%E2%80%AFPM.png?resize=530%2C530&amp;ssl=1\" class=\"attachment-wpzoom-rcb-block-header-square size-wpzoom-rcb-block-header-square wp-image-4488\" alt=\"\" \/><\/figure><div class=\"elementor-image-box-content\"><h6 class=\"elementor-image-box-title\">Fabiola <\/h6><p class=\"elementor-image-box-description\">Analyste des co\u00fbts alimentaires, exploratrice de la cuisine maison et des meilleures d\u00e9cisions bas\u00e9es sur des faits<\/p><\/div><\/div>\t\t\t\t<\/div>\n\t\t\t\t<\/div>\n\t\t\t\t<\/div>\n\t\t\t\t<\/div>\n\t\t\t\t<\/div>\n\t\t","protected":false},"excerpt":{"rendered":"<p>Faire ou acheter : Comparaisons honn\u00eates et analyses de co\u00fbts La vie est d\u00e9j\u00e0 assez compliqu\u00e9e. Entre le travail, la famille et les engagements, prendre des d\u00e9cisions sur quoi manger peut sembler \u00eatre une t\u00e2che de plus sur une liste interminable. Nous voulons le meilleur pour notre sant\u00e9, mais le temps et le budget nous [&hellip;]<\/p>\n","protected":false},"author":1,"featured_media":0,"parent":0,"menu_order":0,"comment_status":"closed","ping_status":"closed","template":"elementor_header_footer","meta":{"nf_dc_page":"","_monsterinsights_skip_tracking":false,"_monsterinsights_sitenote_active":false,"_monsterinsights_sitenote_note":"","_monsterinsights_sitenote_category":0,"footnotes":""},"class_list":["post-1528","page","type-page","status-publish","hentry"],"blocksy_meta":{"page_title_panel":"","has_hero_section":"default","4c3a8b97d08473a95169aadee21735a1":"","hero_section":"type-1","hero_elements":[{"id":"custom_title","enabled":true,"heading_tag":"h1","title":"Home"},{"id":"custom_description","enabled":true,"description_visibility":{"desktop":true,"tablet":true,"mobile":false}},{"id":"custom_meta","enabled":false,"meta_elements":[{"id":"author","enabled":true,"label":"By","has_author_avatar":"yes","avatar_size":25},{"id":"post_date","enabled":true,"label":"On","date_format_source":"default","date_format":"M j, Y"},{"id":"updated_date","enabled":false,"label":"On","date_format_source":"default","date_format":"M j, Y"},{"id":"categories","enabled":false,"label":"In","style":"simple"},{"id":"comments","enabled":true}],"page_meta_elements":{"joined":true,"articles_count":true,"comments":true}},{"id":"breadcrumbs","enabled":false}],"105c6c3310cea4c66ed20b55eeb7cc66":"","hero_alignment1":"CT_CSS_SKIP_RULE","hero_margin":40,"hero_alignment2":"center","hero_vertical_alignment":"center","06f83adabed992dcc503294a9f704078":"","hero_structure":"narrow","277346081f354e5fb9ad02749e35cc40":"","page_title_bg_type":"featured_image","custom_hero_background":{"attachment_id":null},"page_title_image_size":"full","parallax":{"desktop":false,"tablet":false,"mobile":false},"dbf84b3a718961941c93fed5935edc33":"","hero_height":"250px","pageTitleFont":{"family":"Default","variation":"Default","size":"30px","line-height":"CT_CSS_SKIP_RULE","letter-spacing":"CT_CSS_SKIP_RULE","text-transform":"CT_CSS_SKIP_RULE","text-decoration":"CT_CSS_SKIP_RULE"},"pageTitleFontColor":{"default":{"color":"CT_CSS_SKIP_RULEDEFAULT"}},"pageMetaFont":{"family":"Default","variation":"n6","size":"12px","line-height":"1.3","letter-spacing":"CT_CSS_SKIP_RULE","text-transform":"uppercase","text-decoration":"CT_CSS_SKIP_RULE"},"pageMetaFontColor":{"default":{"color":"CT_CSS_SKIP_RULEDEFAULT"},"hover":{"color":"CT_CSS_SKIP_RULEDEFAULT"}},"page_meta_button_type_font_colors":{"default":{"color":"CT_CSS_SKIP_RULEDEFAULT"},"hover":{"color":"CT_CSS_SKIP_RULEDEFAULT"}},"page_meta_button_type_background_colors":{"default":{"color":"CT_CSS_SKIP_RULEDEFAULT"},"hover":{"color":"CT_CSS_SKIP_RULEDEFAULT"}},"pageExcerptFont":{"family":"Default","variation":"Default","size":"CT_CSS_SKIP_RULE","line-height":"CT_CSS_SKIP_RULE","letter-spacing":"CT_CSS_SKIP_RULE","text-transform":"CT_CSS_SKIP_RULE","text-decoration":"CT_CSS_SKIP_RULE"},"pageExcerptColor":{"default":{"color":"CT_CSS_SKIP_RULEDEFAULT"}},"breadcrumbsFont":{"family":"Default","variation":"Default","size":"CT_CSS_SKIP_RULE","line-height":"CT_CSS_SKIP_RULE","letter-spacing":"CT_CSS_SKIP_RULE","text-transform":"CT_CSS_SKIP_RULE","text-decoration":"CT_CSS_SKIP_RULE"},"breadcrumbsFontColor":{"default":{"color":"CT_CSS_SKIP_RULEDEFAULT"},"initial":{"color":"CT_CSS_SKIP_RULEDEFAULT"},"hover":{"color":"CT_CSS_SKIP_RULEDEFAULT"}},"pageTitleOverlay":{"background_type":"color","background_pattern":"type-1","background_image":{"attachment_id":null,"x":0,"y":0},"gradient":"linear-gradient(135deg,rgba(6,147,227,1) 0%,rgb(155,81,224) 100%)","background_repeat":"repeat","background_size":"auto","background_attachment":"scroll","patternColor":{"default":{"color":"#e5e7ea"}},"overlayColor":{"default":{"color":"CT_CSS_SKIP_RULE"}},"backgroundColor":{"default":{"color":"CT_CSS_SKIP_RULE"}}},"pageTitleBackground":{"background_type":"color","background_pattern":"type-1","background_image":{"attachment_id":null,"x":0,"y":0},"gradient":"linear-gradient(135deg,rgba(6,147,227,1) 0%,rgb(155,81,224) 100%)","background_repeat":"repeat","background_size":"auto","background_attachment":"scroll","patternColor":{"default":{"color":"#e5e7ea"}},"overlayColor":{"default":{"color":"CT_CSS_SKIP_RULE"}},"backgroundColor":{"default":{"color":"var(--theme-palette-color-6)"}}},"pageTitlePadding":{"top":"50px","bottom":"50px","left":"auto","right":"auto","linked":true},"1770dd5e50bab6a8aad326fc5bcf50a1":"","page_structure_type":"default","a1cdc198ddf9ca3295628e3cc0c91d29":"","content_style_source":"inherit","content_style":"wide","vertical_spacing_source":"custom","content_area_spacing":"none","background":{"background_type":"color","background_pattern":"type-1","background_image":{"attachment_id":null,"x":0,"y":0},"gradient":"linear-gradient(135deg,rgba(6,147,227,1) 0%,rgb(155,81,224) 100%)","background_repeat":"repeat","background_size":"auto","background_attachment":"scroll","patternColor":{"default":{"color":"#e5e7ea"}},"overlayColor":{"default":{"color":"CT_CSS_SKIP_RULE"}},"backgroundColor":{"default":{"color":"CT_CSS_SKIP_RULE"}}},"content_background":{"background_type":"color","background_pattern":"type-1","background_image":{"attachment_id":null,"x":0,"y":0},"gradient":"linear-gradient(135deg,rgba(6,147,227,1) 0%,rgb(155,81,224) 100%)","background_repeat":"repeat","background_size":"auto","background_attachment":"scroll","patternColor":{"default":{"color":"#e5e7ea"}},"overlayColor":{"default":{"color":"CT_CSS_SKIP_RULE"}},"backgroundColor":{"default":{"color":"var(--theme-palette-color-8)"}}},"content_boxed_shadow":{"inherit":false,"blur":18,"spread":-6,"v_offset":12,"h_offset":0,"inset":false,"enable":true,"color":{"color":"rgba(34, 56, 101, 0.04)"}},"content_boxed_border":{"width":1,"style":"none","color":{"color":"rgba(44,62,80,0.2)"}},"content_boxed_radius":{"top":"3px","bottom":"3px","left":"3px","right":"3px","linked":true},"boxed_content_spacing":{"desktop":{"top":"40px","bottom":"40px","left":"40px","right":"40px","linked":true},"tablet":{"top":"35px","bottom":"35px","left":"35px","right":"35px","linked":true},"mobile":{"top":"20px","bottom":"20px","left":"20px","right":"20px","linked":true}},"425de3d825d4dd425df547c143bbed6a":"","disable_featured_image":"no","disable_share_box":"no","disable_header":"no","disable_footer":"no","styles_descriptor":{"styles":{"desktop":"","tablet":"","mobile":""},"google_fonts":[],"version":6}},"jetpack_sharing_enabled":true,"_links":{"self":[{"href":"https:\/\/blog.mealnstock.com\/fr\/wp-json\/wp\/v2\/pages\/1528","targetHints":{"allow":["GET"]}}],"collection":[{"href":"https:\/\/blog.mealnstock.com\/fr\/wp-json\/wp\/v2\/pages"}],"about":[{"href":"https:\/\/blog.mealnstock.com\/fr\/wp-json\/wp\/v2\/types\/page"}],"author":[{"embeddable":true,"href":"https:\/\/blog.mealnstock.com\/fr\/wp-json\/wp\/v2\/users\/1"}],"replies":[{"embeddable":true,"href":"https:\/\/blog.mealnstock.com\/fr\/wp-json\/wp\/v2\/comments?post=1528"}],"version-history":[{"count":0,"href":"https:\/\/blog.mealnstock.com\/fr\/wp-json\/wp\/v2\/pages\/1528\/revisions"}],"wp:attachment":[{"href":"https:\/\/blog.mealnstock.com\/fr\/wp-json\/wp\/v2\/media?parent=1528"}],"curies":[{"name":"wp","href":"https:\/\/api.w.org\/{rel}","templated":true}]}}