{"id":1574,"date":"2022-06-27T09:12:54","date_gmt":"2022-06-27T09:12:54","guid":{"rendered":"https:\/\/blog.mealnstock.com\/?page_id=1574"},"modified":"2025-03-05T00:26:40","modified_gmt":"2025-03-05T00:26:40","slug":"politique-de-confidentialite-donnees","status":"publish","type":"page","link":"https:\/\/blog.mealnstock.com\/fr\/politique-de-confidentialite-donnees\/","title":{"rendered":"Politique de Confidentialit\u00e9"},"content":{"rendered":"\t\t<div data-elementor-type=\"wp-page\" data-elementor-id=\"1574\" class=\"elementor elementor-1574 elementor-628\" data-elementor-post-type=\"page\">\n\t\t\t\t<div class=\"elementor-element elementor-element-2fa429f e-flex e-con-boxed e-con e-parent\" data-id=\"2fa429f\" data-element_type=\"container\" data-e-type=\"container\">\n\t\t\t\t\t<div class=\"e-con-inner\">\n\t\t<div class=\"elementor-element elementor-element-e295a37 e-con-full e-flex e-con e-child\" data-id=\"e295a37\" data-element_type=\"container\" data-e-type=\"container\" data-settings=\"{&quot;background_background&quot;:&quot;classic&quot;}\">\n\t\t<div class=\"elementor-element elementor-element-3901655 e-con-full e-flex e-con e-child\" data-id=\"3901655\" data-element_type=\"container\" data-e-type=\"container\" data-settings=\"{&quot;background_background&quot;:&quot;classic&quot;}\">\n\t\t\t\t<div class=\"elementor-element elementor-element-5b0fd70 elementor-widget elementor-widget-heading\" data-id=\"5b0fd70\" data-element_type=\"widget\" data-e-type=\"widget\" data-widget_type=\"heading.default\">\n\t\t\t\t<div class=\"elementor-widget-container\">\n\t\t\t\t\t<h1 class=\"elementor-heading-title elementor-size-default\">Politique de Confidentialit\u00e9<\/h1>\t\t\t\t<\/div>\n\t\t\t\t<\/div>\n\t\t\t\t<div class=\"elementor-element elementor-element-77f0542 elementor-widget elementor-widget-text-editor\" data-id=\"77f0542\" data-element_type=\"widget\" data-e-type=\"widget\" data-widget_type=\"text-editor.default\">\n\t\t\t\t<div class=\"elementor-widget-container\">\n\t\t\t\t\t\t\t\t\t<p>Cette Politique de Confidentialit\u00e9 explique comment les informations vous concernant sont collect\u00e9es, utilis\u00e9es et divulgu\u00e9es par ce site web (\u00ab Blog \u00bb) lorsque vous visitez ou interagissez avec son contenu.<\/p><h4><strong>1. Informations que nous collectons<\/strong><\/h4><p>Nous pouvons collecter des informations personnelles lorsque vous :<\/p><ul><li>Vous <strong>abonnez<\/strong> \u00e0 notre newsletter ou liste de diffusion.<\/li><li><strong>Commentez<\/strong> des articles de blog.<\/li><li><strong>Utilisez<\/strong> le formulaire de contact pour communiquer avec nous.<\/li><\/ul><p>Ces informations peuvent inclure votre <strong>nom<\/strong>, <strong>adresse e-mail<\/strong> ou <strong>d&#8217;autres coordonn\u00e9es<\/strong>. De plus, nous pouvons collecter <strong>des informations non personnelles<\/strong>, telles que <strong>les adresses IP<\/strong> et <strong>le comportement de navigation<\/strong>, via des outils d&#8217;analyse (par ex. <em>Google Analytics<\/em>).<\/p><h4><strong>2. Comment nous utilisons vos informations<\/strong><\/h4><p>Nous utilisons les informations que nous collectons pour :<\/p><ul><li>Vous fournir <strong>des mises \u00e0 jour de contenu<\/strong> et <strong>des newsletters<\/strong>.<\/li><li>R\u00e9pondre \u00e0 <strong>vos questions<\/strong> ou <strong>commentaires<\/strong>.<\/li><li>Am\u00e9liorer <strong>l&#8217;exp\u00e9rience utilisateur<\/strong> du site web et de l&#8217;application.<\/li><li>Surveiller <strong>le trafic du site<\/strong> et analyser <strong>le comportement des utilisateurs<\/strong> via des outils d&#8217;analyse.<\/li><\/ul><h4><strong>3. Cookies et technologies de suivi<\/strong><\/h4><p>Ce Blog utilise <strong>des cookies<\/strong> et <strong>des technologies de suivi<\/strong> similaires pour am\u00e9liorer votre exp\u00e9rience. Les cookies sont de petits fichiers que le site web transf\u00e8re sur le disque dur de votre ordinateur via votre navigateur web (si vous l&#8217;autorisez), ce qui permet aux syst\u00e8mes du site de reconna\u00eetre votre navigateur et de capturer certaines informations.<\/p><p>Nous utilisons \u00e9galement <strong>des services tiers<\/strong>, tels que <strong>des outils de partage sur les r\u00e9seaux sociaux<\/strong> (ex. : <strong>Facebook<\/strong>, <strong>Pinterest<\/strong> et <strong>Instagram<\/strong>), qui peuvent collecter des informations telles que <strong>votre adresse IP<\/strong>, l<strong>es d\u00e9tails de votre navigateur<\/strong> et l<strong>es donn\u00e9es d\u2019interaction<\/strong> lorsque vous interagissez avec leurs widgets ou partagez du contenu depuis notre Blog. Ces plateformes peuvent utiliser <strong>des cookies<\/strong> et <strong>des technologies de suivi<\/strong> pour collecter ces donn\u00e9es.<\/p><p>De plus, nous utilisons <strong>des outils d\u2019analyse<\/strong>, comme <em>Google Analytics<\/em>, qui collectent <strong>des informations non personnelles<\/strong> pour nous aider \u00e0 comprendre comment les visiteurs utilisent le site web. Cela inclut des donn\u00e9es telles que l<strong>es adresses IP<\/strong>, <strong>la localisation g\u00e9n\u00e9rale<\/strong>, <strong>le type de dispositif<\/strong> et <strong>les pages visit\u00e9es<\/strong>.<\/p><p>Pour plus d\u2019informations sur la gestion de vos donn\u00e9es par ces services, consultez leurs politiques de confidentialit\u00e9 respectives :<\/p><ul><li><a href=\"https:\/\/fr-fr.facebook.com\/about\/privacy\/update\" target=\"_blank\" rel=\"noopener\">Facebook<\/a><\/li><li><a href=\"https:\/\/policy.pinterest.com\/en\/privacy-policy\" target=\"_blank\" rel=\"noopener\">Pinterest<\/a><\/li><li><a href=\"https:\/\/privacycenter.instagram.com\/policy\" target=\"_blank\" rel=\"noopener\">Instagram (appartenant \u00e0 Facebook)<\/a><\/li><li><a href=\"https:\/\/policies.google.com\/privacy\" target=\"_blank\" rel=\"noopener\">Google Analytics<\/a><\/li><\/ul><p>Vous pouvez choisir de <strong>d\u00e9sactiver les cookies et le suivi<\/strong> via les param\u00e8tres de votre navigateur. Toutefois, cela pourrait limiter certaines fonctionnalit\u00e9s du Blog.<\/p><h4><strong>4. Partage de vos informations<\/strong><\/h4><p><strong>Nous ne vendons<\/strong>, <strong>n&#8217;\u00e9changeons<\/strong>, <strong>ni ne transf\u00e9rons<\/strong> vos informations personnelles \u00e0 des tiers, sauf aux partenaires de confiance qui nous <strong>aident \u00e0 exploiter notre site web<\/strong> ou <strong>\u00e0 g\u00e9rer notre activit\u00e9<\/strong>, tant que ces parties conviennent de garder ces informations confidentielles.<\/p><p>Nous pouvons \u00e9galement partager vos informations lorsque <strong>la loi l&#8217;exige<\/strong> ou <strong>pour prot\u00e9ger nos droits<\/strong>.<\/p><h5><strong>4a. Partage Social et Services de Tiers<\/strong><\/h5><p>Notre Blog utilise <strong>Sassy Social Share<\/strong> pour permettre le partage de contenu sur divers r\u00e9seaux sociaux, tels que <strong>Facebook<\/strong>, <strong>Pinterest<\/strong> et <strong>Instagram<\/strong>. Lorsque vous interagissez avec ces ic\u00f4nes de partage, des scripts externes des plateformes respectives peuvent collecter<strong> votre adresse IP<\/strong>, <strong>les d\u00e9tails de votre navigateur<\/strong> et <strong>les donn\u00e9es d\u2019interaction<\/strong>. Ces services peuvent utiliser<strong> des technologies de suivi<\/strong>, telles que des cookies, pour collecter ces donn\u00e9es.<\/p><p>Pour plus d&#8217;informations sur la gestion de vos donn\u00e9es par ces services, consultez leurs politiques de confidentialit\u00e9 :<\/p><ul><li><a href=\"https:\/\/fr-fr.facebook.com\/about\/privacy\/update\" target=\"_blank\" rel=\"noopener\">Facebook<\/a><\/li><li><a href=\"https:\/\/privacycenter.instagram.com\/policy\" target=\"_blank\" rel=\"noopener\">Pinterest<\/a><\/li><li><a href=\"https:\/\/privacycenter.instagram.com\/policy\" target=\"_blank\" rel=\"noopener\">Instagram (appartenant \u00e0 Facebook)<\/a><\/li><\/ul><h4><strong>5. Liens vers des tiers<\/strong><\/h4><p>Occasionnellement, \u00e0 notre discr\u00e9tion, nous pouvons inclure ou proposer<strong> des produits ou services tiers<\/strong> sur notre site web. Ces sites tiers ont <strong>des politiques de confidentialit\u00e9 distinctes et ind\u00e9pendantes<\/strong>. Par cons\u00e9quent, nous n&#8217;assumons aucune responsabilit\u00e9 quant au <strong>contenu<\/strong> et <strong>aux activit\u00e9s<\/strong> de ces sites li\u00e9s.<\/p><h4><strong>6. Conservation des donn\u00e9es<\/strong><\/h4><p>Nous conservons vos informations personnelles aussi longtemps que n\u00e9cessaire pour r\u00e9pondre aux finalit\u00e9s d\u00e9crites dans cette Politique de Confidentialit\u00e9, sauf si <strong>une p\u00e9riode de conservation plus longue<\/strong> est exig\u00e9e par la loi.<\/p><h4><strong>7. Vos droits<\/strong><\/h4><p>Vous avez le droit <strong>d&#8217;acc\u00e9der<\/strong>, <strong>de modifier<\/strong> ou <strong>de supprimer<\/strong> toute information personnelle que nous avons collect\u00e9e \u00e0 votre sujet. Si vous souhaitez le faire, veuillez nous contacter \u00e0 <strong><a rel=\"noopener\">mealnstock@gmail.com<\/a><\/strong>.<\/p><h4><strong>8. Modifications de cette Politique de Confidentialit\u00e9<\/strong><\/h4><p>Nous pouvons mettre \u00e0 jour cette Politique de Confidentialit\u00e9 de temps \u00e0 autre. Lorsque nous le faisons, nous r\u00e9visons la date de <strong>&#8220;derni\u00e8re mise \u00e0 jour&#8221;<\/strong> en bas de cette page. Nous vous encourageons \u00e0 <strong>consulter cette page r\u00e9guli\u00e8rement<\/strong> pour v\u00e9rifier les \u00e9ventuelles modifications.<\/p><h4><span style=\"color: #003300;\"><strong>Contactez-nous<\/strong><\/span><\/h4><p>Si vous avez des questions concernant cette Politique de Confidentialit\u00e9, vous pouvez nous contacter \u00e0 <strong><a rel=\"noopener\">mealnstock@gmail.com<\/a><\/strong>.<\/p>\t\t\t\t\t\t\t\t<\/div>\n\t\t\t\t<\/div>\n\t\t\t\t<\/div>\n\t\t\t\t<\/div>\n\t\t\t\t\t<\/div>\n\t\t\t\t<\/div>\n\t\t\t\t<\/div>\n\t\t","protected":false},"excerpt":{"rendered":"<p>Politique de Confidentialit\u00e9 Cette Politique de Confidentialit\u00e9 explique comment les informations vous concernant sont collect\u00e9es, utilis\u00e9es et divulgu\u00e9es par ce site web (\u00ab Blog \u00bb) lorsque vous visitez ou interagissez avec son contenu. 1. Informations que nous collectons Nous pouvons collecter des informations personnelles lorsque vous : Vous abonnez \u00e0 notre newsletter ou liste de [&hellip;]<\/p>\n","protected":false},"author":1,"featured_media":0,"parent":0,"menu_order":0,"comment_status":"closed","ping_status":"closed","template":"elementor_header_footer","meta":{"nf_dc_page":"","_monsterinsights_skip_tracking":false,"_monsterinsights_sitenote_active":false,"_monsterinsights_sitenote_note":"","_monsterinsights_sitenote_category":0,"footnotes":""},"class_list":["post-1574","page","type-page","status-publish","hentry"],"blocksy_meta":[],"jetpack_sharing_enabled":true,"_links":{"self":[{"href":"https:\/\/blog.mealnstock.com\/fr\/wp-json\/wp\/v2\/pages\/1574","targetHints":{"allow":["GET"]}}],"collection":[{"href":"https:\/\/blog.mealnstock.com\/fr\/wp-json\/wp\/v2\/pages"}],"about":[{"href":"https:\/\/blog.mealnstock.com\/fr\/wp-json\/wp\/v2\/types\/page"}],"author":[{"embeddable":true,"href":"https:\/\/blog.mealnstock.com\/fr\/wp-json\/wp\/v2\/users\/1"}],"replies":[{"embeddable":true,"href":"https:\/\/blog.mealnstock.com\/fr\/wp-json\/wp\/v2\/comments?post=1574"}],"version-history":[{"count":0,"href":"https:\/\/blog.mealnstock.com\/fr\/wp-json\/wp\/v2\/pages\/1574\/revisions"}],"wp:attachment":[{"href":"https:\/\/blog.mealnstock.com\/fr\/wp-json\/wp\/v2\/media?parent=1574"}],"curies":[{"name":"wp","href":"https:\/\/api.w.org\/{rel}","templated":true}]}}