{"id":1661,"date":"2024-10-04T16:59:36","date_gmt":"2024-10-04T16:59:36","guid":{"rendered":"https:\/\/blog.mealnstock.com\/?page_id=1661"},"modified":"2025-03-05T00:13:10","modified_gmt":"2025-03-05T00:13:10","slug":"avertissement","status":"publish","type":"page","link":"https:\/\/blog.mealnstock.com\/fr\/avertissement\/","title":{"rendered":"Avertissement"},"content":{"rendered":"\t\t<div data-elementor-type=\"wp-page\" data-elementor-id=\"1661\" class=\"elementor elementor-1661 elementor-1326\" data-elementor-post-type=\"page\">\n\t\t\t\t<div class=\"elementor-element elementor-element-306799d e-flex e-con-boxed e-con e-parent\" data-id=\"306799d\" data-element_type=\"container\" data-e-type=\"container\">\n\t\t\t\t\t<div class=\"e-con-inner\">\n\t\t<div class=\"elementor-element elementor-element-670ec06 e-con-full e-flex e-con e-child\" data-id=\"670ec06\" data-element_type=\"container\" data-e-type=\"container\" data-settings=\"{&quot;background_background&quot;:&quot;classic&quot;}\">\n\t\t<div class=\"elementor-element elementor-element-25b87c4 e-con-full e-flex e-con e-child\" data-id=\"25b87c4\" data-element_type=\"container\" data-e-type=\"container\" data-settings=\"{&quot;background_background&quot;:&quot;classic&quot;}\">\n\t\t\t\t<div class=\"elementor-element elementor-element-1e2a42b elementor-widget elementor-widget-heading\" data-id=\"1e2a42b\" data-element_type=\"widget\" data-e-type=\"widget\" data-widget_type=\"heading.default\">\n\t\t\t\t<div class=\"elementor-widget-container\">\n\t\t\t\t\t<h1 class=\"elementor-heading-title elementor-size-default\">Avertissement<\/h1>\t\t\t\t<\/div>\n\t\t\t\t<\/div>\n\t\t\t\t<div class=\"elementor-element elementor-element-3adf9a0 elementor-widget elementor-widget-text-editor\" data-id=\"3adf9a0\" data-element_type=\"widget\" data-e-type=\"widget\" data-widget_type=\"text-editor.default\">\n\t\t\t\t<div class=\"elementor-widget-container\">\n\t\t\t\t\t\t\t\t\t<p>Le contenu fourni sur ce site Web (&#8220;Blog&#8221;) est \u00e0 titre informatif uniquement et ne doit pas \u00eatre interpr\u00e9t\u00e9 comme un conseil professionnel. Toutes les informations partag\u00e9es, y compris les recettes, comparaisons alimentaires, astuces d\u2019\u00e9conomie et recommandations, sont bas\u00e9es sur des recherches personnelles, des exp\u00e9riences et des opinions. Bien que tous les efforts soient faits pour garantir l&#8217;exactitude des informations fournies, le propri\u00e9taire de ce Blog ne donne aucune garantie quant \u00e0 l&#8217;exhaustivit\u00e9, la fiabilit\u00e9 ou la pr\u00e9cision du contenu.<\/p><p><strong>Conseils de sant\u00e9 et di\u00e9t\u00e9tiques<\/strong>: Les informations et recettes fournies sur ce Blog ne sont pas destin\u00e9es \u00e0 remplacer des conseils m\u00e9dicaux ou di\u00e9t\u00e9tiques. Consultez toujours un professionnel de sant\u00e9 ou un nutritionniste avant de modifier votre r\u00e9gime alimentaire ou en cas de pr\u00e9occupations de sant\u00e9 sp\u00e9cifiques.<\/p><p><strong>Liens affili\u00e9s et contenu sponsoris\u00e9<\/strong>: Ce Blog peut contenir des liens affili\u00e9s, ce qui signifie que si vous cliquez sur un lien et effectuez un achat, je peux percevoir une petite commission sans co\u00fbt suppl\u00e9mentaire pour vous. Ces commissions soutiennent le Blog et permettent de continuer \u00e0 fournir un contenu de qualit\u00e9. Tout contenu sponsoris\u00e9 sera clairement identifi\u00e9. Toutes les opinions et recommandations sont les miennes, ind\u00e9pendamment de toute compensation.<\/p><p><strong>Absence de responsabilit\u00e9<\/strong>: Le propri\u00e9taire de ce Blog n&#8217;est pas responsable des pertes, blessures ou dommages r\u00e9sultant de l&#8217;utilisation ou de l&#8217;affichage de ces informations. Les lecteurs sont encourag\u00e9s \u00e0 v\u00e9rifier tout produit ou information avant de s&#8217;y fier pour toute d\u00e9cision.<\/p><p>En utilisant ce Blog, vous reconnaissez et acceptez cet avertissement et que le propri\u00e9taire n&#8217;est pas responsable des cons\u00e9quences d\u00e9coulant de l&#8217;utilisation des informations fournies.<\/p>\t\t\t\t\t\t\t\t<\/div>\n\t\t\t\t<\/div>\n\t\t\t\t<\/div>\n\t\t\t\t<\/div>\n\t\t\t\t\t<\/div>\n\t\t\t\t<\/div>\n\t\t\t\t<\/div>\n\t\t","protected":false},"excerpt":{"rendered":"<p>Avertissement Le contenu fourni sur ce site Web (&#8220;Blog&#8221;) est \u00e0 titre informatif uniquement et ne doit pas \u00eatre interpr\u00e9t\u00e9 comme un conseil professionnel. Toutes les informations partag\u00e9es, y compris les recettes, comparaisons alimentaires, astuces d\u2019\u00e9conomie et recommandations, sont bas\u00e9es sur des recherches personnelles, des exp\u00e9riences et des opinions. Bien que tous les efforts soient [&hellip;]<\/p>\n","protected":false},"author":1,"featured_media":0,"parent":0,"menu_order":0,"comment_status":"closed","ping_status":"closed","template":"elementor_header_footer","meta":{"nf_dc_page":"","_monsterinsights_skip_tracking":false,"_monsterinsights_sitenote_active":false,"_monsterinsights_sitenote_note":"","_monsterinsights_sitenote_category":0,"footnotes":""},"class_list":["post-1661","page","type-page","status-publish","hentry"],"blocksy_meta":[],"jetpack_sharing_enabled":true,"_links":{"self":[{"href":"https:\/\/blog.mealnstock.com\/fr\/wp-json\/wp\/v2\/pages\/1661","targetHints":{"allow":["GET"]}}],"collection":[{"href":"https:\/\/blog.mealnstock.com\/fr\/wp-json\/wp\/v2\/pages"}],"about":[{"href":"https:\/\/blog.mealnstock.com\/fr\/wp-json\/wp\/v2\/types\/page"}],"author":[{"embeddable":true,"href":"https:\/\/blog.mealnstock.com\/fr\/wp-json\/wp\/v2\/users\/1"}],"replies":[{"embeddable":true,"href":"https:\/\/blog.mealnstock.com\/fr\/wp-json\/wp\/v2\/comments?post=1661"}],"version-history":[{"count":0,"href":"https:\/\/blog.mealnstock.com\/fr\/wp-json\/wp\/v2\/pages\/1661\/revisions"}],"wp:attachment":[{"href":"https:\/\/blog.mealnstock.com\/fr\/wp-json\/wp\/v2\/media?parent=1661"}],"curies":[{"name":"wp","href":"https:\/\/api.w.org\/{rel}","templated":true}]}}